{"id":30,"date":"2018-07-21T18:56:27","date_gmt":"2018-07-21T15:56:27","guid":{"rendered":"http:\/\/www.translator.com.ro\/?page_id=30"},"modified":"2019-02-19T20:39:32","modified_gmt":"2019-02-19T18:39:32","slug":"traduceri-scrise","status":"publish","type":"page","link":"https:\/\/www.translator.com.ro\/?page_id=30","title":{"rendered":"Traduceri scrise"},"content":{"rendered":"<table border=\"0\" width=\"100%\" cellspacing=\"0\" cellpadding=\"0\">\n<tbody>\n<tr>\n<td align=\"center\" valign=\"top\" bgcolor=\"#fefefe\">\n<table cellspacing=\"0\" cellpadding=\"0\" align=\"center\" bgcolor=\"#ffffff\">\n<tbody>\n<tr>\n<td valign=\"top\" width=\"501\">\n<table>\n<tbody>\n<tr>\n<td>\n<h2>Traduceri scrise<\/h2>\n<h3>Traducere \u00eenseamn\u0103 comunicare.<\/h3>\n<p>Noi ne asigur\u0103m \u0219i v\u0103 asigur\u0103m c\u0103 mesajul Dvs. este transmis corect \u015fi la timp c\u0103tre partener. Facem din traduceri o profesiune de credin\u0163\u0103, ne \u00eembog\u0103\u0163im permanent cuno\u015ftintele, acord\u0103m mesajului Dvs. \u015fi formelor lui o aten\u021bie primordial\u0103. Cu toate c\u0103 nu exist\u0103 &#8222;traducerea perfect\u0103&#8221;, experien\u021ba acumulat\u0103 de echipa noastr\u0103 ne permite s\u0103 garant\u0103m o traducere impecabil\u0103 a proiectelor Dvs., oferindu-v\u0103 siguran\u0163a mesajului bine receptat.<\/p>\n<h3>Domenii<\/h3>\n<p>\u00cen func\u0163ie de terminologie, traducerile pot fi clasificate \u00een traduceri din domeniul general \u0219i traduceri specializate (juridic, informatic\u0103, medicin\u0103, economie, inginerie, beletristic\u0103 etc.).<\/p>\n<h3>Combina\u0163ii lingvistice<\/h3>\n<p>\u00cen prezent oferim servicii de traducere scris\u0103 din\/\u00een 31 de limbi \u00een combina\u0163ie cu limba rom\u00e2n\u0103.<\/td>\n<\/tr>\n<\/tbody>\n<\/table>\n<\/td>\n<\/tr>\n<\/tbody>\n<\/table>\n<\/td>\n<\/tr>\n<\/tbody>\n<\/table>\n","protected":false},"excerpt":{"rendered":"<p>Traduceri scrise Traducere \u00eenseamn\u0103 comunicare. Noi ne asigur\u0103m \u0219i v\u0103 asigur\u0103m c\u0103 mesajul Dvs. este transmis corect \u015fi la timp c\u0103tre partener. Facem din traduceri o profesiune de credin\u0163\u0103, ne \u00eembog\u0103\u0163im permanent cuno\u015ftintele, acord\u0103m mesajului Dvs. \u015fi formelor lui o aten\u021bie primordial\u0103. Cu toate c\u0103 nu exist\u0103 &#8222;traducerea perfect\u0103&#8221;, experien\u021ba acumulat\u0103 de echipa noastr\u0103 ne&hellip;<\/p>\n","protected":false},"author":1,"featured_media":0,"parent":9,"menu_order":0,"comment_status":"closed","ping_status":"closed","template":"","meta":{"footnotes":""},"class_list":["post-30","page","type-page","status-publish","hentry"],"_links":{"self":[{"href":"https:\/\/www.translator.com.ro\/index.php?rest_route=\/wp\/v2\/pages\/30","targetHints":{"allow":["GET"]}}],"collection":[{"href":"https:\/\/www.translator.com.ro\/index.php?rest_route=\/wp\/v2\/pages"}],"about":[{"href":"https:\/\/www.translator.com.ro\/index.php?rest_route=\/wp\/v2\/types\/page"}],"author":[{"embeddable":true,"href":"https:\/\/www.translator.com.ro\/index.php?rest_route=\/wp\/v2\/users\/1"}],"replies":[{"embeddable":true,"href":"https:\/\/www.translator.com.ro\/index.php?rest_route=%2Fwp%2Fv2%2Fcomments&post=30"}],"version-history":[{"count":4,"href":"https:\/\/www.translator.com.ro\/index.php?rest_route=\/wp\/v2\/pages\/30\/revisions"}],"predecessor-version":[{"id":56,"href":"https:\/\/www.translator.com.ro\/index.php?rest_route=\/wp\/v2\/pages\/30\/revisions\/56"}],"up":[{"embeddable":true,"href":"https:\/\/www.translator.com.ro\/index.php?rest_route=\/wp\/v2\/pages\/9"}],"wp:attachment":[{"href":"https:\/\/www.translator.com.ro\/index.php?rest_route=%2Fwp%2Fv2%2Fmedia&parent=30"}],"curies":[{"name":"wp","href":"https:\/\/api.w.org\/{rel}","templated":true}]}}