{"id":2,"date":"2018-07-21T16:43:00","date_gmt":"2018-07-21T13:43:00","guid":{"rendered":"http:\/\/www.translator.com.ro\/?page_id=2"},"modified":"2018-07-21T20:27:19","modified_gmt":"2018-07-21T17:27:19","slug":"about","status":"publish","type":"page","link":"https:\/\/www.translator.com.ro\/","title":{"rendered":"Despre noi"},"content":{"rendered":"<p><span style=\"color: #000000;\"><strong><span style=\"color: #0000ff;\">TRANSLATOR<\/span> este primul centru de traduceri din Gala\u0163i cu traduc\u0103tori califica\u0163i proprii.\u00a0<\/strong><\/span><\/p>\n<p><span style=\"color: #000000;\">\u00cencep\u00e2nd din anul 2004, ne desf\u0103\u015fur\u0103m \u00een principal activitatea cu o echip\u0103 de <strong>traduc\u0103tori interni<\/strong> sus\u0163inut\u0103 de un departament specializat \u00een <strong>managementul de proiect<\/strong>.<\/span><\/p>\n<p style=\"padding-left: 30px;\"><span style=\"color: #000000;\"><strong><span style=\"text-decoration: underline;\">Avantajele noastre:<\/span><\/strong><\/span><\/p>\n<ul>\n<li><span style=\"color: #000000;\"><strong>asigurarea calit\u0103\u0163ii<\/strong> traducerilor, fiind urm\u0103rite cerin\u0163ele standardelor din industrie (ISO 17100:2015);<\/span><\/li>\n<li><span style=\"color: #000000;\"><strong>capacitate<\/strong> flexibil\u0103 de procesare a proiectelor;<\/span><\/li>\n<li><span style=\"color: #000000;\">stabilirea unui <strong>pre\u0163 corect<\/strong>, bazat pe costuri directe \u015fi nu pe comisioane de intermediere.<\/span><\/li>\n<\/ul>\n","protected":false},"excerpt":{"rendered":"<p>TRANSLATOR este primul centru de traduceri din Gala\u0163i cu traduc\u0103tori califica\u0163i proprii.\u00a0 \u00cencep\u00e2nd din anul 2004, ne desf\u0103\u015fur\u0103m \u00een principal activitatea cu o echip\u0103 de traduc\u0103tori interni sus\u0163inut\u0103 de un departament specializat \u00een managementul de proiect. Avantajele noastre: asigurarea calit\u0103\u0163ii traducerilor, fiind urm\u0103rite cerin\u0163ele standardelor din industrie (ISO 17100:2015); capacitate flexibil\u0103 de procesare a proiectelor;&hellip;<\/p>\n","protected":false},"author":1,"featured_media":0,"parent":0,"menu_order":0,"comment_status":"closed","ping_status":"closed","template":"","meta":{"footnotes":""},"class_list":["post-2","page","type-page","status-publish","hentry"],"_links":{"self":[{"href":"https:\/\/www.translator.com.ro\/index.php?rest_route=\/wp\/v2\/pages\/2","targetHints":{"allow":["GET"]}}],"collection":[{"href":"https:\/\/www.translator.com.ro\/index.php?rest_route=\/wp\/v2\/pages"}],"about":[{"href":"https:\/\/www.translator.com.ro\/index.php?rest_route=\/wp\/v2\/types\/page"}],"author":[{"embeddable":true,"href":"https:\/\/www.translator.com.ro\/index.php?rest_route=\/wp\/v2\/users\/1"}],"replies":[{"embeddable":true,"href":"https:\/\/www.translator.com.ro\/index.php?rest_route=%2Fwp%2Fv2%2Fcomments&post=2"}],"version-history":[{"count":8,"href":"https:\/\/www.translator.com.ro\/index.php?rest_route=\/wp\/v2\/pages\/2\/revisions"}],"predecessor-version":[{"id":53,"href":"https:\/\/www.translator.com.ro\/index.php?rest_route=\/wp\/v2\/pages\/2\/revisions\/53"}],"wp:attachment":[{"href":"https:\/\/www.translator.com.ro\/index.php?rest_route=%2Fwp%2Fv2%2Fmedia&parent=2"}],"curies":[{"name":"wp","href":"https:\/\/api.w.org\/{rel}","templated":true}]}}